{"id":31,"date":"2015-09-04T21:33:29","date_gmt":"2015-09-04T21:33:29","guid":{"rendered":"http:\/\/ogvschloeffel.de\/?page_id=31"},"modified":"2024-12-02T09:36:53","modified_gmt":"2024-12-02T09:36:53","slug":"auftrag","status":"publish","type":"page","link":"https:\/\/ogvschloeffel.de\/?page_id=31","title":{"rendered":"Auftrag"},"content":{"rendered":"<p>Bitte beachten Sie vor Auftragserteilung meine \u00f6rtliche Zust\u00e4ndigkeit.<\/p>\n<p>In Deutschland besteht <strong>kein<\/strong> Wahlrecht bzgl. des zust\u00e4ndigen Gerichtsvollziehers.<\/p>\n<p>Das zust\u00e4ndige Amtsgericht entscheidet, welcher Gerichtsvollzieher f\u00fcr die Bearbeitung eines Auftrages zust\u00e4ndig ist. Die \u00f6rtliche Zust\u00e4ndig richtet sich nach dem Wohnort des Schuldners bei nat\u00fcrlichen Personen, dem Sitz des Schuldners bei juristischen Personen.<\/p>\n<p><strong>Einen Vollstreckungsauftrag \u00fcbersenden Sie deshalb immer an das \u00f6rtlich f\u00fcr den Schuldner zust\u00e4ndige Amtsgericht.<\/strong><\/p>\n<p>Gem. der Verordnung \u00fcber das Formular f\u00fcr den Vollstreckungsauftrag an den Gerichtsvollzieher (Gerichtsvollzieherformular-Verordnung \u2013 GVFV) ist ein neuer Vordruck entwickelt worden.<\/p>\n<p>Diese Verordnung tritt am 1. Oktober 2015 in Kraft.<\/p>\n<p>Vom 1. April 2016 an ist das gem\u00e4\u00df \u00a7 1 eingef\u00fchrte Formular verbindlich zu nutzen.<\/p>\n","protected":false},"excerpt":{"rendered":"<p>Bitte beachten Sie vor Auftragserteilung meine \u00f6rtliche Zust\u00e4ndigkeit. In Deutschland besteht kein Wahlrecht bzgl. des zust\u00e4ndigen Gerichtsvollziehers. Das zust\u00e4ndige Amtsgericht entscheidet, welcher Gerichtsvollzieher f\u00fcr die Bearbeitung eines Auftrages zust\u00e4ndig ist. Die \u00f6rtliche Zust\u00e4ndig richtet sich nach dem Wohnort des Schuldners bei nat\u00fcrlichen Personen, dem Sitz des Schuldners bei juristischen Personen. Einen Vollstreckungsauftrag \u00fcbersenden Sie deshalb immer an das \u00f6rtlich f\u00fcr<\/p>\n","protected":false},"author":1,"featured_media":0,"parent":0,"menu_order":0,"comment_status":"closed","ping_status":"closed","template":"","meta":[],"_links":{"self":[{"href":"https:\/\/ogvschloeffel.de\/index.php?rest_route=\/wp\/v2\/pages\/31"}],"collection":[{"href":"https:\/\/ogvschloeffel.de\/index.php?rest_route=\/wp\/v2\/pages"}],"about":[{"href":"https:\/\/ogvschloeffel.de\/index.php?rest_route=\/wp\/v2\/types\/page"}],"author":[{"embeddable":true,"href":"https:\/\/ogvschloeffel.de\/index.php?rest_route=\/wp\/v2\/users\/1"}],"replies":[{"embeddable":true,"href":"https:\/\/ogvschloeffel.de\/index.php?rest_route=%2Fwp%2Fv2%2Fcomments&post=31"}],"version-history":[{"count":9,"href":"https:\/\/ogvschloeffel.de\/index.php?rest_route=\/wp\/v2\/pages\/31\/revisions"}],"predecessor-version":[{"id":108,"href":"https:\/\/ogvschloeffel.de\/index.php?rest_route=\/wp\/v2\/pages\/31\/revisions\/108"}],"wp:attachment":[{"href":"https:\/\/ogvschloeffel.de\/index.php?rest_route=%2Fwp%2Fv2%2Fmedia&parent=31"}],"curies":[{"name":"wp","href":"https:\/\/api.w.org\/{rel}","templated":true}]}}