{"id":28,"date":"2015-09-04T21:19:25","date_gmt":"2015-09-04T21:19:25","guid":{"rendered":"http:\/\/ogvschloeffel.de\/?page_id=28"},"modified":"2015-09-04T21:19:25","modified_gmt":"2015-09-04T21:19:25","slug":"auskuenfte","status":"publish","type":"page","link":"https:\/\/ogvschloeffel.de\/?page_id=28","title":{"rendered":"Ausk\u00fcnfte"},"content":{"rendered":"<p>Es werden grunds\u00e4tzlich <strong>nur<\/strong> Anfragen von Verfahrensbeteiligten bzw. deren Bevollm\u00e4chtigte <strong>zu hier vorliegenden Verfahren<\/strong> beantwortet. Bei jeder Anfrage geben Sie bitte meine Vorgangs-Nr. (DR II &#8230;) an. Aus Datenschutzgr\u00fcnden kann an Dritte keine Auskunft erfolgen.<\/p>\n<p>Allgemeine Anfragen jeder Art werden <strong>nicht<\/strong> beantwortet. Existiert bei mir <strong>kein<\/strong> Verfahren bzgl. Ihrer Sache, so erhalten Sie auch <strong>keine<\/strong> Antwort auf Ihre Anfrage. In nahezu allen Vollstreckungsangelegenheiten ist das <strong>Amtsgericht<\/strong> am Wohnsitz des Schuldners zust\u00e4ndig. Meine \u00f6rtliche Zust\u00e4ndigkeit k\u00f6nnen Sie dieser Homepage entnehmen. Den \u00f6rtlich zust\u00e4ndigen Gerichtsvollzieher f\u00fcr Ihre Zwangsvollstreckungssache bzw. Zustellungssache erfragen Sie bitte beim Amtsgericht.<\/p>\n<p>Rechtsberatung erteile ich grunds\u00e4tzlich <strong>nicht<\/strong>. Hierf\u00fcr sind andere Berufsgruppen zust\u00e4ndig.<\/p>\n<p>Interviews (egal welcher Art) gebe ich grunds\u00e4tzlich nicht.<\/p>\n","protected":false},"excerpt":{"rendered":"<p>Es werden grunds\u00e4tzlich nur Anfragen von Verfahrensbeteiligten bzw. deren Bevollm\u00e4chtigte zu hier vorliegenden Verfahren beantwortet. Bei jeder Anfrage geben Sie bitte meine Vorgangs-Nr. (DR II &#8230;) an. Aus Datenschutzgr\u00fcnden kann an Dritte keine Auskunft erfolgen. Allgemeine Anfragen jeder Art werden nicht beantwortet. Existiert bei mir kein Verfahren bzgl. Ihrer Sache, so erhalten Sie auch keine Antwort auf Ihre Anfrage. In<\/p>\n","protected":false},"author":1,"featured_media":0,"parent":0,"menu_order":0,"comment_status":"closed","ping_status":"closed","template":"","meta":[],"_links":{"self":[{"href":"https:\/\/ogvschloeffel.de\/index.php?rest_route=\/wp\/v2\/pages\/28"}],"collection":[{"href":"https:\/\/ogvschloeffel.de\/index.php?rest_route=\/wp\/v2\/pages"}],"about":[{"href":"https:\/\/ogvschloeffel.de\/index.php?rest_route=\/wp\/v2\/types\/page"}],"author":[{"embeddable":true,"href":"https:\/\/ogvschloeffel.de\/index.php?rest_route=\/wp\/v2\/users\/1"}],"replies":[{"embeddable":true,"href":"https:\/\/ogvschloeffel.de\/index.php?rest_route=%2Fwp%2Fv2%2Fcomments&post=28"}],"version-history":[{"count":2,"href":"https:\/\/ogvschloeffel.de\/index.php?rest_route=\/wp\/v2\/pages\/28\/revisions"}],"predecessor-version":[{"id":97,"href":"https:\/\/ogvschloeffel.de\/index.php?rest_route=\/wp\/v2\/pages\/28\/revisions\/97"}],"wp:attachment":[{"href":"https:\/\/ogvschloeffel.de\/index.php?rest_route=%2Fwp%2Fv2%2Fmedia&parent=28"}],"curies":[{"name":"wp","href":"https:\/\/api.w.org\/{rel}","templated":true}]}}