{"id":12,"date":"2015-09-04T20:59:01","date_gmt":"2015-09-04T20:59:01","guid":{"rendered":"http:\/\/ogvschloeffel.de\/?page_id=12"},"modified":"2015-09-12T05:44:51","modified_gmt":"2015-09-12T05:44:51","slug":"oertliche-zustaendigkeit","status":"publish","type":"page","link":"https:\/\/ogvschloeffel.de\/?page_id=12","title":{"rendered":"\u00d6rtliche Zust\u00e4ndigkeit"},"content":{"rendered":"<p>Ich kann nur mit der Durchf\u00fchrung einer Amtshandlung beauftragt werden, wenn ich f\u00fcr die Amtshandlung auch \u00f6rtlich zust\u00e4ndig bin. Zur Orientierung sollen Ihnen die beiden nachfolgenden Tabellen dienen. Im Zweifel k\u00f6nnen Sie Ihren Auftrag direkt an das f\u00fcr den Schuldner \u00f6rtlich zust\u00e4ndige Amtsgericht, Verteilungsstelle f\u00fcr Gerichtsvollzieherauftr\u00e4ge, \u00fcbersenden.<\/p>\n<p>Ich bin f\u00fcr folgende Amtshandlungen zust\u00e4ndig. Nebent\u00e4tigkeiten (z.B. \u00a7755 und \u00a7802l ZPO) sind nicht aufgef\u00fchrt, da diese nur in Verbindung mit Amtshandlungen beauftragt werden k\u00f6nnen (siehe auch Auftrag).<\/p>\n<table style=\"width: 500px;\" border=\"1\" cellspacing=\"1\" cellpadding=\"1\">\n<tbody>\n<tr>\n<th>Amtshandlung<\/th>\n<th>\u00d6rtliche Zust\u00e4ndig orientiert sich an<\/th>\n<\/tr>\n<tr>\n<td>Zustellung<\/td>\n<td>Anschrift des Zustellungsempf\u00e4ngers<\/td>\n<\/tr>\n<tr>\n<td>Pf\u00e4ndung<\/td>\n<td>Ort der Pf\u00e4ndung<\/td>\n<\/tr>\n<tr>\n<td>Verm\u00f6gensauskunft<\/td>\n<td>Wohnsitz des Schuldners bei nat\u00fcrlichen Personen<br \/>\nGesch\u00e4ftssitz des Schuldners bei juristischen Personen\n<\/td>\n<\/tr>\n<\/tr>\n<tr>\n<td>R\u00e4umung<\/td>\n<td>Ort der R\u00e4umung<\/td>\n<\/tr>\n<tr>\n<td>Herausgabe\/Wegnahme<\/td>\n<td>Ort der Herausgabe\/Wegnahme<\/td>\n<\/tr>\n<tr>\n<td>Beseitigung von Widerstand<\/td>\n<td>Ort der Beseitigung des Widerstandes<\/td>\n<\/tr>\n<tr>\n<td>Verhaftung<\/td>\n<td>Ort der Verhaftung bzw. <br \/>Wohnsitz des Schuldners bei nat\u00fcrlichen Personen<br \/>\nGesch\u00e4ftssitz des Schuldners bei juristischen Personen<\/td>\n<\/tr>\n<\/tbody>\n<\/table>\n<p>Ich bin nur f\u00fcr folgende Stra\u00dfen zust\u00e4ndig.<\/p>\n<table style=\"width: 500px;\" border=\"1\" cellspacing=\"1\" cellpadding=\"1\">\n<tbody>\n<tr>\n<th>Stra\u00dfe<\/th>\n<th>Haus-Nr.<br \/>\nvon<\/th>\n<th>Haus-Nr.<br \/>\nbis<\/th>\n<th>Berlin<br \/>\nPLZ<\/th>\n<\/tr>\n<tr>\n<td>Am Volkspark<\/td>\n<td>15<\/td>\n<td>23<\/td>\n<td>10715<\/td>\n<\/tr>\n<tr>\n<td>Babelsberger Str.<\/td>\n<td>alle<\/td>\n<td><\/td>\n<td>10715<\/td>\n<\/tr>\n<tr>\n<td>Badensche Str.<\/td>\n<td>10<\/td>\n<td>49<\/td>\n<td>10715<\/td>\n<\/tr>\n<tr>\n<td>Bamberger Str.<\/td>\n<td>22<\/td>\n<td>30<\/td>\n<td>10779<\/td>\n<\/tr>\n<tr>\n<td>Berliner Str.<\/td>\n<td>1<\/td>\n<td>9<\/td>\n<td>10715<\/td>\n<\/tr>\n<tr>\n<td><\/td>\n<td>147<\/td>\n<td>167<\/td>\n<td>10715<\/td>\n<\/tr>\n<tr>\n<td>Bernhardstr.<\/td>\n<td>alle<\/td>\n<td><\/td>\n<td>10715<\/td>\n<\/tr>\n<tr>\n<td>Bruchsaler Str.<\/td>\n<td>alle<\/td>\n<td><\/td>\n<td>10715<\/td>\n<\/tr>\n<tr>\n<td>Bundesallee<\/td>\n<td>41<\/td>\n<td>60<\/td>\n<td>10715<\/td>\n<\/tr>\n<tr>\n<td><\/td>\n<td>155<\/td>\n<td>179<\/td>\n<td>10715<\/td>\n<\/tr>\n<tr>\n<td><\/td>\n<td>180<\/td>\n<td>191<\/td>\n<td>10717<\/td>\n<\/tr>\n<tr>\n<td>Bundesplatz<\/td>\n<td>11<\/td>\n<td>18<\/td>\n<td>10715<\/td>\n<\/tr>\n<tr>\n<td>Durlacher Str.<\/td>\n<td>alle<\/td>\n<td><\/td>\n<td>10715<\/td>\n<\/tr>\n<tr>\n<td>G\u00fcntzelstr.<\/td>\n<td>1<\/td>\n<td>18<\/td>\n<td>10717<\/td>\n<\/tr>\n<tr>\n<td><\/td>\n<td>48<\/td>\n<td>67<\/td>\n<td>10717<\/td>\n<\/tr>\n<tr>\n<td>Helmstedter Str.<\/td>\n<td>7<\/td>\n<td>27<\/td>\n<td>10717<\/td>\n<\/tr>\n<tr>\n<td>Jenaer Str.<\/td>\n<td>5<\/td>\n<td>26<\/td>\n<td>10717<\/td>\n<\/tr>\n<tr>\n<td>Kufsteiner Str.<\/td>\n<td>2<\/td>\n<td>68, 76<\/td>\n<td>10825<\/td>\n<\/tr>\n<tr>\n<td>Prinzregentenstr.<\/td>\n<td>9<\/td>\n<td>19<\/td>\n<td>10717<\/td>\n<\/tr>\n<tr>\n<td><\/td>\n<td>20<\/td>\n<td>79<\/td>\n<td>10715<\/td>\n<\/tr>\n<tr>\n<td><\/td>\n<td>80<\/td>\n<td>90<\/td>\n<td>10717<\/td>\n<\/tr>\n<tr>\n<td>Prinzregentenstr.<\/td>\n<td><\/td>\n<td><\/td>\n<td>10717<\/td>\n<\/tr>\n<tr>\n<td>Tharandter Str.<\/td>\n<td>alle<\/td>\n<td><\/td>\n<td>10717<\/td>\n<\/tr>\n<tr>\n<td>T\u00fcbinger Str.<\/td>\n<td>alle<\/td>\n<td><\/td>\n<td>10715<\/td>\n<\/tr>\n<tr>\n<td>Volksparksteg<\/td>\n<td>alle<\/td>\n<td><\/td>\n<td>10715<\/td>\n<\/tr>\n<tr>\n<td>Wagh\u00e4useler Str.<\/td>\n<td>alle<\/td>\n<td><\/td>\n<td>10715<\/td>\n<\/tr>\n<tr>\n<td>Wexstr.<\/td>\n<td>15<\/td>\n<td>40<\/td>\n<td>10715<\/td>\n<\/tr>\n<\/tbody>\n<\/table>\n<p>&nbsp;<\/p>\n","protected":false},"excerpt":{"rendered":"<p>Ich kann nur mit der Durchf\u00fchrung einer Amtshandlung beauftragt werden, wenn ich f\u00fcr die Amtshandlung auch \u00f6rtlich zust\u00e4ndig bin. Zur Orientierung sollen Ihnen die beiden nachfolgenden Tabellen dienen. Im Zweifel k\u00f6nnen Sie Ihren Auftrag direkt an das f\u00fcr den Schuldner \u00f6rtlich zust\u00e4ndige Amtsgericht, Verteilungsstelle f\u00fcr Gerichtsvollzieherauftr\u00e4ge, \u00fcbersenden. Ich bin f\u00fcr folgende Amtshandlungen zust\u00e4ndig. Nebent\u00e4tigkeiten (z.B. \u00a7755 und \u00a7802l ZPO) sind<\/p>\n","protected":false},"author":1,"featured_media":0,"parent":0,"menu_order":0,"comment_status":"closed","ping_status":"closed","template":"","meta":[],"_links":{"self":[{"href":"https:\/\/ogvschloeffel.de\/index.php?rest_route=\/wp\/v2\/pages\/12"}],"collection":[{"href":"https:\/\/ogvschloeffel.de\/index.php?rest_route=\/wp\/v2\/pages"}],"about":[{"href":"https:\/\/ogvschloeffel.de\/index.php?rest_route=\/wp\/v2\/types\/page"}],"author":[{"embeddable":true,"href":"https:\/\/ogvschloeffel.de\/index.php?rest_route=\/wp\/v2\/users\/1"}],"replies":[{"embeddable":true,"href":"https:\/\/ogvschloeffel.de\/index.php?rest_route=%2Fwp%2Fv2%2Fcomments&post=12"}],"version-history":[{"count":27,"href":"https:\/\/ogvschloeffel.de\/index.php?rest_route=\/wp\/v2\/pages\/12\/revisions"}],"predecessor-version":[{"id":49,"href":"https:\/\/ogvschloeffel.de\/index.php?rest_route=\/wp\/v2\/pages\/12\/revisions\/49"}],"wp:attachment":[{"href":"https:\/\/ogvschloeffel.de\/index.php?rest_route=%2Fwp%2Fv2%2Fmedia&parent=12"}],"curies":[{"name":"wp","href":"https:\/\/api.w.org\/{rel}","templated":true}]}}